{"id":380,"date":"2025-12-05T19:09:26","date_gmt":"2025-12-05T18:09:26","guid":{"rendered":"https:\/\/ciber-seguridad.org\/?page_id=380"},"modified":"2025-12-05T20:33:41","modified_gmt":"2025-12-05T19:33:41","slug":"sportmania","status":"publish","type":"page","link":"https:\/\/ciber-seguridad.org\/?page_id=380","title":{"rendered":"SportManIA"},"content":{"rendered":"\n<div class=\"wp-block-columns is-layout-flex wp-container-core-columns-is-layout-28f84493 wp-block-columns-is-layout-flex\">\n<div class=\"wp-block-column is-layout-flow wp-block-column-is-layout-flow\">\n<figure class=\"wp-block-image aligncenter size-full\"><img loading=\"lazy\" decoding=\"async\" width=\"1280\" height=\"728\" src=\"http:\/\/ciber-seguridad.org\/wp-content\/uploads\/2025\/12\/PANTALLA-CLIENTES-01.bmp\" alt=\"\" class=\"wp-image-387\" style=\"aspect-ratio:4\/3;object-fit:cover\"\/><\/figure>\n<\/div>\n\n\n\n<div class=\"wp-block-column is-layout-flow wp-block-column-is-layout-flow\">\n<figure class=\"wp-block-image size-large\"><img loading=\"lazy\" decoding=\"async\" width=\"1024\" height=\"564\" src=\"http:\/\/ciber-seguridad.org\/wp-content\/uploads\/2025\/12\/10-1024x564.jpg\" alt=\"\" class=\"wp-image-393\" style=\"aspect-ratio:4\/3;object-fit:cover\" srcset=\"https:\/\/ciber-seguridad.org\/wp-content\/uploads\/2025\/12\/10-1024x564.jpg 1024w, https:\/\/ciber-seguridad.org\/wp-content\/uploads\/2025\/12\/10-300x165.jpg 300w, https:\/\/ciber-seguridad.org\/wp-content\/uploads\/2025\/12\/10-768x423.jpg 768w, https:\/\/ciber-seguridad.org\/wp-content\/uploads\/2025\/12\/10.jpg 1266w\" sizes=\"auto, (max-width: 1024px) 100vw, 1024px\" \/><\/figure>\n<\/div>\n<\/div>\n\n\n\n<p class=\"has-pale-ocean-gradient-background has-background has-medium-font-size\"><strong><em>SportManIA<\/em>. <\/strong>Software de Gesti\u00f3n de Instalaciones Deportivas y Gimnasios. Desde el a\u00f1o 2000 hemos sido un referente en la gesti\u00f3n de instalaciones deportivas civiles, gubernamentales y militares.<\/p>\n\n\n\n<p class=\"has-very-light-gray-to-cyan-bluish-gray-gradient-background has-background has-medium-font-size\"><strong><em>SportManIA<\/em> Lite. <\/strong>Gesti\u00f3n integral de socios. Facturaci\u00f3n. Recibos bancarios. (Alta 300\u202f\u20ac, cuota mensual 50\u202f\u20ac)<\/p>\n\n\n\n<p class=\"has-very-light-gray-to-cyan-bluish-gray-gradient-background has-background has-medium-font-size\"><strong><em>SportManIA<\/em> Accesos. <\/strong>M\u00f3dulo de control de accesos mediante tornos, portillos. (Alta 250 \u20ac, cuota mensual 30 \u20ac)<\/p>\n\n\n\n<p class=\"has-very-light-gray-to-cyan-bluish-gray-gradient-background has-background has-medium-font-size\"><strong><em>SportManIA<\/em> Reservas. <\/strong>Reservas de servicios, pistas, salas, recursos. (Alta 250 \u20ac, cuota mensual 30 \u20ac)<\/p>\n\n\n\n<p class=\"has-very-light-gray-to-cyan-bluish-gray-gradient-background has-background has-medium-font-size\"><strong><em>SportManIA<\/em> TPV. <\/strong>Gesti\u00f3n de bares, restaurantes, tiendas. (Alta 250 \u20ac, cuota mensual 30 \u20ac)<\/p>\n\n\n\n<p class=\"has-very-light-gray-to-cyan-bluish-gray-gradient-background has-background has-medium-font-size\"><strong><em>SportManIA<\/em> Parquing. <\/strong>Gesti\u00f3n de p\u00e1rquing de clientes (Alta 300 \u20ac, cuota mensual 50 \u20ac)<\/p>\n\n\n\n<p><\/p>\n\n\n\n<p><\/p>\n\n\n\n<p><\/p>\n\n\n\n<p><\/p>\n","protected":false},"excerpt":{"rendered":"<p>SportManIA. Software de Gesti\u00f3n de Instalaciones Deportivas y Gimnasios. Desde el a\u00f1o 2000 hemos sido un referente en la gesti\u00f3n [&hellip;]<\/p>\n","protected":false},"author":1,"featured_media":0,"parent":43,"menu_order":0,"comment_status":"closed","ping_status":"closed","template":"","meta":{"site-sidebar-layout":"default","site-content-layout":"","ast-site-content-layout":"default","site-content-style":"default","site-sidebar-style":"default","ast-global-header-display":"","ast-banner-title-visibility":"","ast-main-header-display":"","ast-hfb-above-header-display":"","ast-hfb-below-header-display":"","ast-hfb-mobile-header-display":"","site-post-title":"disabled","ast-breadcrumbs-content":"","ast-featured-img":"","footer-sml-layout":"","ast-disable-related-posts":"","theme-transparent-header-meta":"","adv-header-id-meta":"","stick-header-meta":"","header-above-stick-meta":"","header-main-stick-meta":"","header-below-stick-meta":"","astra-migrate-meta-layouts":"default","ast-page-background-enabled":"default","ast-page-background-meta":{"desktop":{"background-color":"var(--ast-global-color-5)","background-image":"","background-repeat":"repeat","background-position":"center center","background-size":"auto","background-attachment":"scroll","background-type":"","background-media":"","overlay-type":"","overlay-color":"","overlay-opacity":"","overlay-gradient":""},"tablet":{"background-color":"","background-image":"","background-repeat":"repeat","background-position":"center center","background-size":"auto","background-attachment":"scroll","background-type":"","background-media":"","overlay-type":"","overlay-color":"","overlay-opacity":"","overlay-gradient":""},"mobile":{"background-color":"","background-image":"","background-repeat":"repeat","background-position":"center center","background-size":"auto","background-attachment":"scroll","background-type":"","background-media":"","overlay-type":"","overlay-color":"","overlay-opacity":"","overlay-gradient":""}},"ast-content-background-meta":{"desktop":{"background-color":"var(--ast-global-color-4)","background-image":"","background-repeat":"repeat","background-position":"center center","background-size":"auto","background-attachment":"scroll","background-type":"","background-media":"","overlay-type":"","overlay-color":"","overlay-opacity":"","overlay-gradient":""},"tablet":{"background-color":"var(--ast-global-color-4)","background-image":"","background-repeat":"repeat","background-position":"center center","background-size":"auto","background-attachment":"scroll","background-type":"","background-media":"","overlay-type":"","overlay-color":"","overlay-opacity":"","overlay-gradient":""},"mobile":{"background-color":"var(--ast-global-color-4)","background-image":"","background-repeat":"repeat","background-position":"center center","background-size":"auto","background-attachment":"scroll","background-type":"","background-media":"","overlay-type":"","overlay-color":"","overlay-opacity":"","overlay-gradient":""}},"footnotes":""},"class_list":["post-380","page","type-page","status-publish","hentry"],"_links":{"self":[{"href":"https:\/\/ciber-seguridad.org\/index.php?rest_route=\/wp\/v2\/pages\/380","targetHints":{"allow":["GET"]}}],"collection":[{"href":"https:\/\/ciber-seguridad.org\/index.php?rest_route=\/wp\/v2\/pages"}],"about":[{"href":"https:\/\/ciber-seguridad.org\/index.php?rest_route=\/wp\/v2\/types\/page"}],"author":[{"embeddable":true,"href":"https:\/\/ciber-seguridad.org\/index.php?rest_route=\/wp\/v2\/users\/1"}],"replies":[{"embeddable":true,"href":"https:\/\/ciber-seguridad.org\/index.php?rest_route=%2Fwp%2Fv2%2Fcomments&post=380"}],"version-history":[{"count":4,"href":"https:\/\/ciber-seguridad.org\/index.php?rest_route=\/wp\/v2\/pages\/380\/revisions"}],"predecessor-version":[{"id":395,"href":"https:\/\/ciber-seguridad.org\/index.php?rest_route=\/wp\/v2\/pages\/380\/revisions\/395"}],"up":[{"embeddable":true,"href":"https:\/\/ciber-seguridad.org\/index.php?rest_route=\/wp\/v2\/pages\/43"}],"wp:attachment":[{"href":"https:\/\/ciber-seguridad.org\/index.php?rest_route=%2Fwp%2Fv2%2Fmedia&parent=380"}],"curies":[{"name":"wp","href":"https:\/\/api.w.org\/{rel}","templated":true}]}}